{"id":52,"date":"2023-11-27T17:50:34","date_gmt":"2023-11-27T14:50:34","guid":{"rendered":"https:\/\/izmirasmatavanci.com.tr\/?page_id=52"},"modified":"2023-11-29T16:30:00","modified_gmt":"2023-11-29T13:30:00","slug":"referanslarimiz","status":"publish","type":"page","link":"https:\/\/izmirasmatavanci.com.tr\/index.php\/referanslarimiz\/","title":{"rendered":"Referanslar\u0131m\u0131z"},"content":{"rendered":"\n<p>\u00dcR\u00dcNLER\u0130M\u0130Z\u0130N KULLANILDI\u011eI BAZI \u00d6RNEK YAPILAR<\/p>\n\n\n\n<ul class=\"wp-block-list\">\n<li>-ADNAN MENDRES HAVALANI (\u0130ZM\u0130R)<\/li>\n\n\n\n<li>-TUSKON \u0130N\u015eAAT(\u0130ZM\u0130R<\/li>\n\n\n\n<li>-KILI\u00c7O\u011eLU \u0130N\u015eAAT(\u0130ZM\u0130R)<\/li>\n\n\n\n<li>-VAROL \u0130N\u015eAAT(\u0130ZM\u0130R)<\/li>\n\n\n\n<li>-\u00c7\u0130\u00c7EK \u0130N\u015eAAT(\u0130ZM\u0130R)<\/li>\n\n\n\n<li>-BAKIRCIO\u011eLU \u0130N\u015eAAT(MANAVKUYU \u0130N\u015eAAT)<\/li>\n\n\n\n<li>-VUR YAPI(\u0130ZM\u0130R)<\/li>\n\n\n\n<li>-PINAR ET(\u0130ZM\u0130R)<\/li>\n\n\n\n<li>-CEYLAN \u0130N\u015eAAT(\u0130ZM\u0130R)<\/li>\n\n\n\n<li>-KARPATA \u0130N\u015eAAT(\u0130ZM\u0130R)<\/li>\n\n\n\n<li>-DEM\u0130R KAPU \u0130N\u015eAAT(\u0130ZM\u0130R)<\/li>\n\n\n\n<li>-K\u00d6SEO\u011eLU \u0130N\u015eAAT(\u0130ZM\u0130R)<\/li>\n\n\n\n<li>-TOPALO\u011eLU \u0130N\u015eAAT(\u0130ZM\u0130R)<\/li>\n\n\n\n<li>-ALBAYRAK \u0130N\u015eAAT(\u0130ZM\u0130R)<\/li>\n\n\n\n<li>-ALPDO\u011eAN \u0130N\u015eAAT(\u0130ZM\u0130R)<\/li>\n\n\n\n<li>-K\u00d6PR\u00dcL\u00dc \u0130N\u015eAAT(\u0130ZM\u0130R)<\/li>\n\n\n\n<li>-SE\u00c7K\u0130N \u0130N\u015eAAT(\u0130ZM\u0130R)<\/li>\n\n\n\n<li>-PARVA \u0130N\u015eAAT(\u0130ZM\u0130R)<\/li>\n\n\n\n<li>-ERZURUM ET BALIK KURUMU(ERZURUM)<\/li>\n\n\n\n<li>-\u00dcNL\u00dcLER \u0130N\u015eAAT(KASTAMONU)<\/li>\n\n\n\n<li>-DEL\u0130HASANO\u011eLU \u0130N\u015eAAT(KASTAMONU)<\/li>\n\n\n\n<li>-SEL\u00c7UK BELED\u0130YES\u0130(AYDIN)<\/li>\n\n\n\n<li>-BC YAPI (\u0130STANBUL)<\/li>\n\n\n\n<li>-BA\u015eARAN \u0130N\u015eAAT(\u0130STANBUL)<\/li>\n<\/ul>\n","protected":false},"excerpt":{"rendered":"<p>\u00dcR\u00dcNLER\u0130M\u0130Z\u0130N KULLANILDI\u011eI BAZI \u00d6RNEK YAPILAR<\/p>\n","protected":false},"author":1,"featured_media":0,"parent":0,"menu_order":0,"comment_status":"closed","ping_status":"closed","template":"","meta":{"ngg_post_thumbnail":0,"footnotes":""},"class_list":["post-52","page","type-page","status-publish","hentry"],"_links":{"self":[{"href":"https:\/\/izmirasmatavanci.com.tr\/index.php\/wp-json\/wp\/v2\/pages\/52","targetHints":{"allow":["GET"]}}],"collection":[{"href":"https:\/\/izmirasmatavanci.com.tr\/index.php\/wp-json\/wp\/v2\/pages"}],"about":[{"href":"https:\/\/izmirasmatavanci.com.tr\/index.php\/wp-json\/wp\/v2\/types\/page"}],"author":[{"embeddable":true,"href":"https:\/\/izmirasmatavanci.com.tr\/index.php\/wp-json\/wp\/v2\/users\/1"}],"replies":[{"embeddable":true,"href":"https:\/\/izmirasmatavanci.com.tr\/index.php\/wp-json\/wp\/v2\/comments?post=52"}],"version-history":[{"count":6,"href":"https:\/\/izmirasmatavanci.com.tr\/index.php\/wp-json\/wp\/v2\/pages\/52\/revisions"}],"predecessor-version":[{"id":158,"href":"https:\/\/izmirasmatavanci.com.tr\/index.php\/wp-json\/wp\/v2\/pages\/52\/revisions\/158"}],"wp:attachment":[{"href":"https:\/\/izmirasmatavanci.com.tr\/index.php\/wp-json\/wp\/v2\/media?parent=52"}],"curies":[{"name":"wp","href":"https:\/\/api.w.org\/{rel}","templated":true}]}}