{"id":48,"date":"2023-11-27T17:49:38","date_gmt":"2023-11-27T14:49:38","guid":{"rendered":"https:\/\/izmirasmatavanci.com.tr\/?page_id=48"},"modified":"2023-11-30T10:54:19","modified_gmt":"2023-11-30T07:54:19","slug":"pvc-lambri","status":"publish","type":"page","link":"https:\/\/izmirasmatavanci.com.tr\/index.php\/pvc-lambri\/","title":{"rendered":"Pvc Lambri"},"content":{"rendered":"\n<p>Plastik Tavan; Pvc lambri, yap\u0131n\u0131z i\u00e7in \u00e7ok pratik, uzun \u00f6m\u00fcrl\u00fc,bak\u0131m gerektirmeyen ve ekonomik tavan kaplama ve kapama malzemesidir. De\u011fi\u015fik renk ve modelleri ile zevkinize en uygun lambriyi se\u00e7ebilirsiniz.<\/p>\n\n\n\n<!-- default-view.php -->\n<div\n\tclass=\"ngg-galleryoverview default-view \"\n\tid=\"ngg-gallery-2b21b111ff732b2df9a366b6eea90c10-1\">\n\n\t\t<!-- Thumbnails -->\n\t\t\t\t<div id=\"ngg-image-0\" class=\"ngg-gallery-thumbnail-box \" >\n\t\t\t\t        <div class=\"ngg-gallery-thumbnail\">\n            <a href=\"https:\/\/izmirasmatavanci.com.tr\/wp-content\/gallery\/pvc_lambri\/1-3.jpg\"\n               title=\"\"\n               data-src=\"https:\/\/izmirasmatavanci.com.tr\/wp-content\/gallery\/pvc_lambri\/1-3.jpg\"\n               data-thumbnail=\"https:\/\/izmirasmatavanci.com.tr\/wp-content\/gallery\/pvc_lambri\/thumbs\/thumbs_1-3.jpg\"\n               data-image-id=\"43\"\n               data-title=\"1-3\"\n               data-description=\"\"\n               data-image-slug=\"1-3\"\n               class=\"ngg-simplelightbox\" rel=\"2b21b111ff732b2df9a366b6eea90c10\">\n                <img\n                    title=\"1-3\"\n                    alt=\"1-3\"\n                    src=\"https:\/\/izmirasmatavanci.com.tr\/wp-content\/gallery\/pvc_lambri\/thumbs\/thumbs_1-3.jpg\"\n                    width=\"240\"\n                    height=\"160\"\n                    style=\"max-width:100%;\"\n                \/>\n            <\/a>\n        <\/div>\n\t\t\t\t\t\t\t<\/div> \n\t\t\t\n\t\n\t<br style=\"clear: both\" \/>\n\n\t\n\t\t<!-- Pagination -->\n\t<div class='ngg-clear'><\/div>\t<\/div>\n\n","protected":false},"excerpt":{"rendered":"<p>Plastik Tavan; Pvc lambri, yap\u0131n\u0131z i\u00e7in \u00e7ok pratik, uzun \u00f6m\u00fcrl\u00fc,bak\u0131m gerektirmeyen ve ekonomik tavan kaplama ve kapama malzemesidir. De\u011fi\u015fik renk ve modelleri ile zevkinize en uygun lambriyi se\u00e7ebilirsiniz.<\/p>\n","protected":false},"author":1,"featured_media":0,"parent":0,"menu_order":0,"comment_status":"closed","ping_status":"closed","template":"","meta":{"ngg_post_thumbnail":0,"footnotes":""},"class_list":["post-48","page","type-page","status-publish","hentry"],"_links":{"self":[{"href":"https:\/\/izmirasmatavanci.com.tr\/index.php\/wp-json\/wp\/v2\/pages\/48","targetHints":{"allow":["GET"]}}],"collection":[{"href":"https:\/\/izmirasmatavanci.com.tr\/index.php\/wp-json\/wp\/v2\/pages"}],"about":[{"href":"https:\/\/izmirasmatavanci.com.tr\/index.php\/wp-json\/wp\/v2\/types\/page"}],"author":[{"embeddable":true,"href":"https:\/\/izmirasmatavanci.com.tr\/index.php\/wp-json\/wp\/v2\/users\/1"}],"replies":[{"embeddable":true,"href":"https:\/\/izmirasmatavanci.com.tr\/index.php\/wp-json\/wp\/v2\/comments?post=48"}],"version-history":[{"count":3,"href":"https:\/\/izmirasmatavanci.com.tr\/index.php\/wp-json\/wp\/v2\/pages\/48\/revisions"}],"predecessor-version":[{"id":248,"href":"https:\/\/izmirasmatavanci.com.tr\/index.php\/wp-json\/wp\/v2\/pages\/48\/revisions\/248"}],"wp:attachment":[{"href":"https:\/\/izmirasmatavanci.com.tr\/index.php\/wp-json\/wp\/v2\/media?parent=48"}],"curies":[{"name":"wp","href":"https:\/\/api.w.org\/{rel}","templated":true}]}}