{"id":44,"date":"2023-11-27T17:47:54","date_gmt":"2023-11-27T14:47:54","guid":{"rendered":"https:\/\/izmirasmatavanci.com.tr\/?page_id=44"},"modified":"2023-11-30T10:54:41","modified_gmt":"2023-11-30T07:54:41","slug":"tasyunu-ve-karolam","status":"publish","type":"page","link":"https:\/\/izmirasmatavanci.com.tr\/index.php\/tasyunu-ve-karolam\/","title":{"rendered":"Ta\u015fy\u00fcn\u00fc ve Karolam"},"content":{"rendered":"\n<p>Karolam Asma Tavan Sistemleri &amp; Karopan Asma Tavan Sistemleri<\/p>\n\n\n\n<p>Karolam Asma Tavan Sistemleri; \u00f6n k\u0131sm\u0131n\u0131n vinil, arka k\u0131sm\u0131n\u0131n ise al\u00fcminyum folyo ile kaplanmas\u0131 sayesinde Akustik ses yal\u0131t\u0131m, tavan plakalar\u0131, nem dayan\u0131kl\u0131l\u0131\u011f\u0131, kolay montaj\u0131 ve temizlenebilir, Mikrop Bakteri parazit bar\u0131nd\u0131rmaz. Kolayca temizlenebilir ve Hijyeniktir.<\/p>\n\n\n\n<p>Karolam Asma Tavan Sistemleri genellikle, karolardan, karolamlar dan, akustik al\u00e7\u0131panlardan, ta\u015fy\u00fcn\u00fc asma tavanlardan olu\u015fmaktad\u0131r. Karolam Asma Tavan Sistemleri \u00c7evre K\u00f6\u015febent ad\u0131 verilen L profilleri \u00e7e\u015fitli i\u015flemlerden ge\u00e7irilerek yan duvarlarda \u00f6nceden belirlenmi\u015f yerlere en fazla 60 cm aral\u0131klarla monte edilir.<\/p>\n\n\n\n<p>Yaln\u0131z bu meselede hafife al\u0131nmamas\u0131 gereken bir hususta tavan\u0131n\u0131z e\u011fer betonarme ise \u00e7elik d\u00fcbel kullan\u0131m\u0131z gerekir. Karolam Asma Tavan Sistemleri uygulama esnas\u0131nda \u0131\u015f\u0131kland\u0131rma, ses sistemi gibi yap\u0131lmas\u0131 gereken tesisatlar olacaksa e\u011fer ta\u015f\u0131y\u0131c\u0131 sistem ve ask\u0131 \u00e7ubuklar\u0131na tak\u0131lmamas\u0131na dikkat etmeli ve gerekli \u00f6nlemler al\u0131nmal\u0131d\u0131r.<br>Karopan asma tavan sistemleri ile ilgili,ileti\u015fim b\u00f6l\u00fcm\u00fcnden bize ula\u015fabilirsiniz.<\/p>\n\n\n\n<!-- default-view.php -->\n<div\n\tclass=\"ngg-galleryoverview default-view \"\n\tid=\"ngg-gallery-be09eaa39baa64583d562828a9d94932-1\">\n\n\t\t<!-- Thumbnails -->\n\t\t\t\t<div id=\"ngg-image-0\" class=\"ngg-gallery-thumbnail-box \" >\n\t\t\t\t        <div class=\"ngg-gallery-thumbnail\">\n            <a href=\"https:\/\/izmirasmatavanci.com.tr\/wp-content\/gallery\/tasyunu_karolam\/2-3-1024x459-1024x459.jpg\"\n               title=\"\"\n               data-src=\"https:\/\/izmirasmatavanci.com.tr\/wp-content\/gallery\/tasyunu_karolam\/2-3-1024x459-1024x459.jpg\"\n               data-thumbnail=\"https:\/\/izmirasmatavanci.com.tr\/wp-content\/gallery\/tasyunu_karolam\/thumbs\/thumbs_2-3-1024x459-1024x459.jpg\"\n               data-image-id=\"44\"\n               data-title=\"2-3-1024x459-1024x459\"\n               data-description=\"\"\n               data-image-slug=\"2-3-1024x459-1024x459\"\n               class=\"ngg-simplelightbox\" rel=\"be09eaa39baa64583d562828a9d94932\">\n                <img\n                    title=\"2-3-1024x459-1024x459\"\n                    alt=\"2-3-1024x459-1024x459\"\n                    src=\"https:\/\/izmirasmatavanci.com.tr\/wp-content\/gallery\/tasyunu_karolam\/thumbs\/thumbs_2-3-1024x459-1024x459.jpg\"\n                    width=\"240\"\n                    height=\"160\"\n                    style=\"max-width:100%;\"\n                \/>\n            <\/a>\n        <\/div>\n\t\t\t\t\t\t\t<\/div> \n\t\t\t\n\t\t\t\t<div id=\"ngg-image-1\" class=\"ngg-gallery-thumbnail-box \" >\n\t\t\t\t        <div class=\"ngg-gallery-thumbnail\">\n            <a href=\"https:\/\/izmirasmatavanci.com.tr\/wp-content\/gallery\/tasyunu_karolam\/1-4.jpg\"\n               title=\"\"\n               data-src=\"https:\/\/izmirasmatavanci.com.tr\/wp-content\/gallery\/tasyunu_karolam\/1-4.jpg\"\n               data-thumbnail=\"https:\/\/izmirasmatavanci.com.tr\/wp-content\/gallery\/tasyunu_karolam\/thumbs\/thumbs_1-4.jpg\"\n               data-image-id=\"45\"\n               data-title=\"1-4\"\n               data-description=\"\"\n               data-image-slug=\"1-4\"\n               class=\"ngg-simplelightbox\" rel=\"be09eaa39baa64583d562828a9d94932\">\n                <img\n                    title=\"1-4\"\n                    alt=\"1-4\"\n                    src=\"https:\/\/izmirasmatavanci.com.tr\/wp-content\/gallery\/tasyunu_karolam\/thumbs\/thumbs_1-4.jpg\"\n                    width=\"240\"\n                    height=\"160\"\n                    style=\"max-width:100%;\"\n                \/>\n            <\/a>\n        <\/div>\n\t\t\t\t\t\t\t<\/div> \n\t\t\t\n\t\n\t<br style=\"clear: both\" \/>\n\n\t\n\t\t<!-- Pagination -->\n\t<div class='ngg-clear'><\/div>\t<\/div>\n\n","protected":false},"excerpt":{"rendered":"<p>Karolam Asma Tavan Sistemleri &amp; Karopan Asma Tavan Sistemleri Karolam Asma Tavan Sistemleri; \u00f6n k\u0131sm\u0131n\u0131n vinil, arka k\u0131sm\u0131n\u0131n ise al\u00fcminyum folyo ile kaplanmas\u0131 sayesinde Akustik ses yal\u0131t\u0131m, tavan plakalar\u0131, nem dayan\u0131kl\u0131l\u0131\u011f\u0131, kolay montaj\u0131 ve temizlenebilir, Mikrop Bakteri parazit bar\u0131nd\u0131rmaz. Kolayca temizlenebilir ve Hijyeniktir. Karolam Asma Tavan Sistemleri genellikle, karolardan, karolamlar dan, akustik al\u00e7\u0131panlardan, ta\u015fy\u00fcn\u00fc asma [&hellip;]<\/p>\n","protected":false},"author":1,"featured_media":0,"parent":0,"menu_order":0,"comment_status":"closed","ping_status":"closed","template":"","meta":{"ngg_post_thumbnail":0,"footnotes":""},"class_list":["post-44","page","type-page","status-publish","hentry"],"_links":{"self":[{"href":"https:\/\/izmirasmatavanci.com.tr\/index.php\/wp-json\/wp\/v2\/pages\/44","targetHints":{"allow":["GET"]}}],"collection":[{"href":"https:\/\/izmirasmatavanci.com.tr\/index.php\/wp-json\/wp\/v2\/pages"}],"about":[{"href":"https:\/\/izmirasmatavanci.com.tr\/index.php\/wp-json\/wp\/v2\/types\/page"}],"author":[{"embeddable":true,"href":"https:\/\/izmirasmatavanci.com.tr\/index.php\/wp-json\/wp\/v2\/users\/1"}],"replies":[{"embeddable":true,"href":"https:\/\/izmirasmatavanci.com.tr\/index.php\/wp-json\/wp\/v2\/comments?post=44"}],"version-history":[{"count":3,"href":"https:\/\/izmirasmatavanci.com.tr\/index.php\/wp-json\/wp\/v2\/pages\/44\/revisions"}],"predecessor-version":[{"id":249,"href":"https:\/\/izmirasmatavanci.com.tr\/index.php\/wp-json\/wp\/v2\/pages\/44\/revisions\/249"}],"wp:attachment":[{"href":"https:\/\/izmirasmatavanci.com.tr\/index.php\/wp-json\/wp\/v2\/media?parent=44"}],"curies":[{"name":"wp","href":"https:\/\/api.w.org\/{rel}","templated":true}]}}