{"id":42,"date":"2023-11-27T17:47:31","date_gmt":"2023-11-27T14:47:31","guid":{"rendered":"https:\/\/izmirasmatavanci.com.tr\/?page_id=42"},"modified":"2023-11-30T10:51:31","modified_gmt":"2023-11-30T07:51:31","slug":"clipin-metal","status":"publish","type":"page","link":"https:\/\/izmirasmatavanci.com.tr\/index.php\/clipin-metal\/","title":{"rendered":"Clipin Metal"},"content":{"rendered":"\n<p>Metal asma tavan sistemleri, tavana bakt\u0131\u011f\u0131m\u0131zda ferah bir g\u00fczellik katarak uyguland\u0131klar\u0131 mek\u00e2nlar\u0131 sa\u011flaml\u0131k ve g\u00fczel bir g\u00f6rsel tasar\u0131mlar\u0131 sunar. Hastanelerde, kamu alanlarda, e\u011fitim ve \u00f6\u011fretim binalar\u0131nda \u00e7ok kullan\u0131l\u0131r<br>Clip-in Sistem (Gizli ta\u015f\u0131y\u0131c\u0131l\u0131)<\/p>\n\n\n\n<p>Standart (clip-in) sistem, galvaniz ve al\u00fcminyum plakalar\u0131n \u00fc\u00e7gen kesitli omega ta\u015f\u0131c\u0131ya alttan tak\u0131lmas\u0131 ile olur. Bu clip-in sistemde ta\u015f\u0131y\u0131c\u0131lar g\u00f6z\u00fckmez, sarkmal\u0131 ve oturmal\u0131 sisteme g\u00f6re g\u00fczel ve sade bir g\u00fcr\u00fcnt\u00fc meydana gelir. S\u00f6k\u00fcl\u00fcp tak\u0131lmas\u0131 kolayd\u0131r.<br>Metal Cinsi: Galvanize \u00c7elik ve Al\u00fcminyum<br>Renk:Ral 9005 siyah,Ral 9010 beyaz,Ral 9006 Metalik gri ve ah\u015fap desenli<br>\u00d6zellikler<br>\u00b7 Delikli ve deliksiz d\u00fcz<br>\u00b7 De\u011fi\u015fik ebatlarda<br>\u00b7 Kal\u0131nl\u0131k Standard 0.50mm,0.60mm,0.70mm<br>\u00b7 Hafiftir tavana a\u011f\u0131rl\u0131k yapmaz<br>\u00b7 Tak\u0131lmas\u0131 ve s\u00f6k\u00fclmesi kolayd\u0131r<br>\u00b7 Ses yal\u0131t\u0131m\u0131 sa\u011flar<\/p>\n\n\n\n<!-- default-view.php -->\n<div\n\tclass=\"ngg-galleryoverview default-view \"\n\tid=\"ngg-gallery-60a6b3b2340d5313af5cb9e5c6fd36ae-1\">\n\n\t\t<!-- Thumbnails -->\n\t\t\t\t<div id=\"ngg-image-0\" class=\"ngg-gallery-thumbnail-box \" >\n\t\t\t\t        <div class=\"ngg-gallery-thumbnail\">\n            <a href=\"https:\/\/izmirasmatavanci.com.tr\/wp-content\/gallery\/clipin_metal\/2-1.jpg\"\n               title=\"\"\n               data-src=\"https:\/\/izmirasmatavanci.com.tr\/wp-content\/gallery\/clipin_metal\/2-1.jpg\"\n               data-thumbnail=\"https:\/\/izmirasmatavanci.com.tr\/wp-content\/gallery\/clipin_metal\/thumbs\/thumbs_2-1.jpg\"\n               data-image-id=\"11\"\n               data-title=\"2-1\"\n               data-description=\"\"\n               data-image-slug=\"2-1\"\n               class=\"ngg-simplelightbox\" rel=\"60a6b3b2340d5313af5cb9e5c6fd36ae\">\n                <img\n                    title=\"2-1\"\n                    alt=\"2-1\"\n                    src=\"https:\/\/izmirasmatavanci.com.tr\/wp-content\/gallery\/clipin_metal\/thumbs\/thumbs_2-1.jpg\"\n                    width=\"240\"\n                    height=\"160\"\n                    style=\"max-width:100%;\"\n                \/>\n            <\/a>\n        <\/div>\n\t\t\t\t\t\t\t<\/div> \n\t\t\t\n\t\t\t\t<div id=\"ngg-image-1\" class=\"ngg-gallery-thumbnail-box \" >\n\t\t\t\t        <div class=\"ngg-gallery-thumbnail\">\n            <a href=\"https:\/\/izmirasmatavanci.com.tr\/wp-content\/gallery\/clipin_metal\/1-1.jpg\"\n               title=\"\"\n               data-src=\"https:\/\/izmirasmatavanci.com.tr\/wp-content\/gallery\/clipin_metal\/1-1.jpg\"\n               data-thumbnail=\"https:\/\/izmirasmatavanci.com.tr\/wp-content\/gallery\/clipin_metal\/thumbs\/thumbs_1-1.jpg\"\n               data-image-id=\"12\"\n               data-title=\"1-1\"\n               data-description=\"\"\n               data-image-slug=\"1-1\"\n               class=\"ngg-simplelightbox\" rel=\"60a6b3b2340d5313af5cb9e5c6fd36ae\">\n                <img\n                    title=\"1-1\"\n                    alt=\"1-1\"\n                    src=\"https:\/\/izmirasmatavanci.com.tr\/wp-content\/gallery\/clipin_metal\/thumbs\/thumbs_1-1.jpg\"\n                    width=\"240\"\n                    height=\"160\"\n                    style=\"max-width:100%;\"\n                \/>\n            <\/a>\n        <\/div>\n\t\t\t\t\t\t\t<\/div> \n\t\t\t\n\t\t\t\t<div id=\"ngg-image-2\" class=\"ngg-gallery-thumbnail-box \" >\n\t\t\t\t        <div class=\"ngg-gallery-thumbnail\">\n            <a href=\"https:\/\/izmirasmatavanci.com.tr\/wp-content\/gallery\/clipin_metal\/3-1.jpg\"\n               title=\"\"\n               data-src=\"https:\/\/izmirasmatavanci.com.tr\/wp-content\/gallery\/clipin_metal\/3-1.jpg\"\n               data-thumbnail=\"https:\/\/izmirasmatavanci.com.tr\/wp-content\/gallery\/clipin_metal\/thumbs\/thumbs_3-1.jpg\"\n               data-image-id=\"13\"\n               data-title=\"3-1\"\n               data-description=\"\"\n               data-image-slug=\"3-1\"\n               class=\"ngg-simplelightbox\" rel=\"60a6b3b2340d5313af5cb9e5c6fd36ae\">\n                <img\n                    title=\"3-1\"\n                    alt=\"3-1\"\n                    src=\"https:\/\/izmirasmatavanci.com.tr\/wp-content\/gallery\/clipin_metal\/thumbs\/thumbs_3-1.jpg\"\n                    width=\"240\"\n                    height=\"160\"\n                    style=\"max-width:100%;\"\n                \/>\n            <\/a>\n        <\/div>\n\t\t\t\t\t\t\t<\/div> \n\t\t\t\n\t\n\t<br style=\"clear: both\" \/>\n\n\t\n\t\t<!-- Pagination -->\n\t<div class='ngg-clear'><\/div>\t<\/div>\n\n","protected":false},"excerpt":{"rendered":"<p>Metal asma tavan sistemleri, tavana bakt\u0131\u011f\u0131m\u0131zda ferah bir g\u00fczellik katarak uyguland\u0131klar\u0131 mek\u00e2nlar\u0131 sa\u011flaml\u0131k ve g\u00fczel bir g\u00f6rsel tasar\u0131mlar\u0131 sunar. Hastanelerde, kamu alanlarda, e\u011fitim ve \u00f6\u011fretim binalar\u0131nda \u00e7ok kullan\u0131l\u0131rClip-in Sistem (Gizli ta\u015f\u0131y\u0131c\u0131l\u0131) Standart (clip-in) sistem, galvaniz ve al\u00fcminyum plakalar\u0131n \u00fc\u00e7gen kesitli omega ta\u015f\u0131c\u0131ya alttan tak\u0131lmas\u0131 ile olur. Bu clip-in sistemde ta\u015f\u0131y\u0131c\u0131lar g\u00f6z\u00fckmez, sarkmal\u0131 ve oturmal\u0131 sisteme [&hellip;]<\/p>\n","protected":false},"author":1,"featured_media":0,"parent":0,"menu_order":0,"comment_status":"closed","ping_status":"closed","template":"","meta":{"ngg_post_thumbnail":0,"footnotes":""},"class_list":["post-42","page","type-page","status-publish","hentry"],"_links":{"self":[{"href":"https:\/\/izmirasmatavanci.com.tr\/index.php\/wp-json\/wp\/v2\/pages\/42","targetHints":{"allow":["GET"]}}],"collection":[{"href":"https:\/\/izmirasmatavanci.com.tr\/index.php\/wp-json\/wp\/v2\/pages"}],"about":[{"href":"https:\/\/izmirasmatavanci.com.tr\/index.php\/wp-json\/wp\/v2\/types\/page"}],"author":[{"embeddable":true,"href":"https:\/\/izmirasmatavanci.com.tr\/index.php\/wp-json\/wp\/v2\/users\/1"}],"replies":[{"embeddable":true,"href":"https:\/\/izmirasmatavanci.com.tr\/index.php\/wp-json\/wp\/v2\/comments?post=42"}],"version-history":[{"count":3,"href":"https:\/\/izmirasmatavanci.com.tr\/index.php\/wp-json\/wp\/v2\/pages\/42\/revisions"}],"predecessor-version":[{"id":242,"href":"https:\/\/izmirasmatavanci.com.tr\/index.php\/wp-json\/wp\/v2\/pages\/42\/revisions\/242"}],"wp:attachment":[{"href":"https:\/\/izmirasmatavanci.com.tr\/index.php\/wp-json\/wp\/v2\/media?parent=42"}],"curies":[{"name":"wp","href":"https:\/\/api.w.org\/{rel}","templated":true}]}}