{"id":39,"date":"2023-11-27T17:46:41","date_gmt":"2023-11-27T14:46:41","guid":{"rendered":"https:\/\/izmirasmatavanci.com.tr\/?page_id=39"},"modified":"2023-11-30T10:52:05","modified_gmt":"2023-11-30T07:52:05","slug":"plastik-tavan","status":"publish","type":"page","link":"https:\/\/izmirasmatavanci.com.tr\/index.php\/plastik-tavan\/","title":{"rendered":"Clipin Plastik"},"content":{"rendered":"\n<p>CL\u0130P-\u0130N PLAST\u0130K ASMA TAVAN (30\u00d730 \u2013 50\u00d750)<\/p>\n\n\n\n<p>1-Clipin asma tavan her t\u00fcrl\u00fc in\u015faat i\u00e7 mekan asma tavan uygulamalar\u0131nda kullan\u0131l\u0131r.<br>2-Clipin asma tavan kolayca tamiri yap\u0131labilmesi ve ekonomik olmas\u0131 itibariyle in\u015faatlarda en \u00e7ok tercih edilen asma tavan sistemlerinden biridir.<br>3-Clipin asma tavan tesisatlar\u0131 gizleyerek dekoratif alanlar yarat\u0131r.<br>4-Plastik tavan tesisatlara kolayca m\u00fcdahale edilir.<br>5-Plastik asma tavan hafif olmas\u0131ndan dolay\u0131 binan\u0131n ta\u015f\u0131y\u0131c\u0131 sistemine etkisi azd\u0131r. Bina hareketleri ile uyumludur. Bu nedenle depreme dayan\u0131kl\u0131 binalar i\u00e7in idealdir.<br>6-Plastik asma tavan ses ve \u0131s\u0131 yal\u0131t\u0131m\u0131 gibi performans \u015fartlar\u0131 kolayca sa\u011flan\u0131r. Bu sistemle&nbsp; in\u015faatlarda yap\u0131lan kademeli asma tavanlarla, hacimlere estetik ve akustik \u00f6zellikler verilmektedir.<br>7-Plastik asma tavan nemli ve \u0131slak ortamlarda rutubetten etkilenmez yap\u0131s\u0131yla bakteri \u00fcremesini \u00f6nler.<br>8-Plastik asma tavan hijyenlik isteyen t\u00fcm mek\u00e2nlar i\u00e7in pilta ideal asma tavan \u00e7\u00f6z\u00fcm\u00fcd\u00fcr.<br>9-Plastik asma tavan kolay yanmaz(b1 s\u0131n\u0131f\u0131),s\u0131cak ve so\u011fuktan etkilenmez.<\/p>\n\n\n\n<!-- default-view.php -->\n<div\n\tclass=\"ngg-galleryoverview default-view \"\n\tid=\"ngg-gallery-33245cef03aac5b02637e09687ac0232-1\">\n\n\t\t<!-- Thumbnails -->\n\t\t\t\t<div id=\"ngg-image-0\" class=\"ngg-gallery-thumbnail-box \" >\n\t\t\t\t        <div class=\"ngg-gallery-thumbnail\">\n            <a href=\"https:\/\/izmirasmatavanci.com.tr\/wp-content\/gallery\/clipin_plastik\/2-2.jpg\"\n               title=\"\"\n               data-src=\"https:\/\/izmirasmatavanci.com.tr\/wp-content\/gallery\/clipin_plastik\/2-2.jpg\"\n               data-thumbnail=\"https:\/\/izmirasmatavanci.com.tr\/wp-content\/gallery\/clipin_plastik\/thumbs\/thumbs_2-2.jpg\"\n               data-image-id=\"2\"\n               data-title=\"2-2\"\n               data-description=\"\"\n               data-image-slug=\"2-2-2\"\n               class=\"ngg-simplelightbox\" rel=\"33245cef03aac5b02637e09687ac0232\">\n                <img\n                    title=\"2-2\"\n                    alt=\"2-2\"\n                    src=\"https:\/\/izmirasmatavanci.com.tr\/wp-content\/gallery\/clipin_plastik\/thumbs\/thumbs_2-2.jpg\"\n                    width=\"240\"\n                    height=\"160\"\n                    style=\"max-width:100%;\"\n                \/>\n            <\/a>\n        <\/div>\n\t\t\t\t\t\t\t<\/div> \n\t\t\t\n\t\t\t\t<div id=\"ngg-image-1\" class=\"ngg-gallery-thumbnail-box \" >\n\t\t\t\t        <div class=\"ngg-gallery-thumbnail\">\n            <a href=\"https:\/\/izmirasmatavanci.com.tr\/wp-content\/gallery\/clipin_plastik\/3-2.jpg\"\n               title=\"\"\n               data-src=\"https:\/\/izmirasmatavanci.com.tr\/wp-content\/gallery\/clipin_plastik\/3-2.jpg\"\n               data-thumbnail=\"https:\/\/izmirasmatavanci.com.tr\/wp-content\/gallery\/clipin_plastik\/thumbs\/thumbs_3-2.jpg\"\n               data-image-id=\"3\"\n               data-title=\"3-2\"\n               data-description=\"\"\n               data-image-slug=\"3-2-2\"\n               class=\"ngg-simplelightbox\" rel=\"33245cef03aac5b02637e09687ac0232\">\n                <img\n                    title=\"3-2\"\n                    alt=\"3-2\"\n                    src=\"https:\/\/izmirasmatavanci.com.tr\/wp-content\/gallery\/clipin_plastik\/thumbs\/thumbs_3-2.jpg\"\n                    width=\"240\"\n                    height=\"160\"\n                    style=\"max-width:100%;\"\n                \/>\n            <\/a>\n        <\/div>\n\t\t\t\t\t\t\t<\/div> \n\t\t\t\n\t\t\t\t<div id=\"ngg-image-2\" class=\"ngg-gallery-thumbnail-box \" >\n\t\t\t\t        <div class=\"ngg-gallery-thumbnail\">\n            <a href=\"https:\/\/izmirasmatavanci.com.tr\/wp-content\/gallery\/clipin_plastik\/4-1.jpg\"\n               title=\"\"\n               data-src=\"https:\/\/izmirasmatavanci.com.tr\/wp-content\/gallery\/clipin_plastik\/4-1.jpg\"\n               data-thumbnail=\"https:\/\/izmirasmatavanci.com.tr\/wp-content\/gallery\/clipin_plastik\/thumbs\/thumbs_4-1.jpg\"\n               data-image-id=\"4\"\n               data-title=\"4-1\"\n               data-description=\"\"\n               data-image-slug=\"4-1-2\"\n               class=\"ngg-simplelightbox\" rel=\"33245cef03aac5b02637e09687ac0232\">\n                <img\n                    title=\"4-1\"\n                    alt=\"4-1\"\n                    src=\"https:\/\/izmirasmatavanci.com.tr\/wp-content\/gallery\/clipin_plastik\/thumbs\/thumbs_4-1.jpg\"\n                    width=\"240\"\n                    height=\"160\"\n                    style=\"max-width:100%;\"\n                \/>\n            <\/a>\n        <\/div>\n\t\t\t\t\t\t\t<\/div> \n\t\t\t\n\t\t\t\t<div id=\"ngg-image-3\" class=\"ngg-gallery-thumbnail-box \" >\n\t\t\t\t        <div class=\"ngg-gallery-thumbnail\">\n            <a href=\"https:\/\/izmirasmatavanci.com.tr\/wp-content\/gallery\/clipin_plastik\/6-1.jpg\"\n               title=\"\"\n               data-src=\"https:\/\/izmirasmatavanci.com.tr\/wp-content\/gallery\/clipin_plastik\/6-1.jpg\"\n               data-thumbnail=\"https:\/\/izmirasmatavanci.com.tr\/wp-content\/gallery\/clipin_plastik\/thumbs\/thumbs_6-1.jpg\"\n               data-image-id=\"5\"\n               data-title=\"6-1\"\n               data-description=\"\"\n               data-image-slug=\"6-1-2\"\n               class=\"ngg-simplelightbox\" rel=\"33245cef03aac5b02637e09687ac0232\">\n                <img\n                    title=\"6-1\"\n                    alt=\"6-1\"\n                    src=\"https:\/\/izmirasmatavanci.com.tr\/wp-content\/gallery\/clipin_plastik\/thumbs\/thumbs_6-1.jpg\"\n                    width=\"240\"\n                    height=\"160\"\n                    style=\"max-width:100%;\"\n                \/>\n            <\/a>\n        <\/div>\n\t\t\t\t\t\t\t<\/div> \n\t\t\t\n\t\t\t\t<div id=\"ngg-image-4\" class=\"ngg-gallery-thumbnail-box \" >\n\t\t\t\t        <div class=\"ngg-gallery-thumbnail\">\n            <a href=\"https:\/\/izmirasmatavanci.com.tr\/wp-content\/gallery\/clipin_plastik\/1-2.jpg\"\n               title=\"\"\n               data-src=\"https:\/\/izmirasmatavanci.com.tr\/wp-content\/gallery\/clipin_plastik\/1-2.jpg\"\n               data-thumbnail=\"https:\/\/izmirasmatavanci.com.tr\/wp-content\/gallery\/clipin_plastik\/thumbs\/thumbs_1-2.jpg\"\n               data-image-id=\"6\"\n               data-title=\"1-2\"\n               data-description=\"\"\n               data-image-slug=\"1-2-2\"\n               class=\"ngg-simplelightbox\" rel=\"33245cef03aac5b02637e09687ac0232\">\n                <img\n                    title=\"1-2\"\n                    alt=\"1-2\"\n                    src=\"https:\/\/izmirasmatavanci.com.tr\/wp-content\/gallery\/clipin_plastik\/thumbs\/thumbs_1-2.jpg\"\n                    width=\"240\"\n                    height=\"160\"\n                    style=\"max-width:100%;\"\n                \/>\n            <\/a>\n        <\/div>\n\t\t\t\t\t\t\t<\/div> \n\t\t\t\n\t\t\t\t<div id=\"ngg-image-5\" class=\"ngg-gallery-thumbnail-box \" >\n\t\t\t\t        <div class=\"ngg-gallery-thumbnail\">\n            <a href=\"https:\/\/izmirasmatavanci.com.tr\/wp-content\/gallery\/clipin_plastik\/7.jpg\"\n               title=\"\"\n               data-src=\"https:\/\/izmirasmatavanci.com.tr\/wp-content\/gallery\/clipin_plastik\/7.jpg\"\n               data-thumbnail=\"https:\/\/izmirasmatavanci.com.tr\/wp-content\/gallery\/clipin_plastik\/thumbs\/thumbs_7.jpg\"\n               data-image-id=\"7\"\n               data-title=\"7\"\n               data-description=\"\"\n               data-image-slug=\"7-2\"\n               class=\"ngg-simplelightbox\" rel=\"33245cef03aac5b02637e09687ac0232\">\n                <img\n                    title=\"7\"\n                    alt=\"7\"\n                    src=\"https:\/\/izmirasmatavanci.com.tr\/wp-content\/gallery\/clipin_plastik\/thumbs\/thumbs_7.jpg\"\n                    width=\"240\"\n                    height=\"160\"\n                    style=\"max-width:100%;\"\n                \/>\n            <\/a>\n        <\/div>\n\t\t\t\t\t\t\t<\/div> \n\t\t\t\n\t\t\t\t<div id=\"ngg-image-6\" class=\"ngg-gallery-thumbnail-box \" >\n\t\t\t\t        <div class=\"ngg-gallery-thumbnail\">\n            <a href=\"https:\/\/izmirasmatavanci.com.tr\/wp-content\/gallery\/clipin_plastik\/10.jpg\"\n               title=\"\"\n               data-src=\"https:\/\/izmirasmatavanci.com.tr\/wp-content\/gallery\/clipin_plastik\/10.jpg\"\n               data-thumbnail=\"https:\/\/izmirasmatavanci.com.tr\/wp-content\/gallery\/clipin_plastik\/thumbs\/thumbs_10.jpg\"\n               data-image-id=\"8\"\n               data-title=\"10\"\n               data-description=\"\"\n               data-image-slug=\"10-2\"\n               class=\"ngg-simplelightbox\" rel=\"33245cef03aac5b02637e09687ac0232\">\n                <img\n                    title=\"10\"\n                    alt=\"10\"\n                    src=\"https:\/\/izmirasmatavanci.com.tr\/wp-content\/gallery\/clipin_plastik\/thumbs\/thumbs_10.jpg\"\n                    width=\"240\"\n                    height=\"160\"\n                    style=\"max-width:100%;\"\n                \/>\n            <\/a>\n        <\/div>\n\t\t\t\t\t\t\t<\/div> \n\t\t\t\n\t\t\t\t<div id=\"ngg-image-7\" class=\"ngg-gallery-thumbnail-box \" >\n\t\t\t\t        <div class=\"ngg-gallery-thumbnail\">\n            <a href=\"https:\/\/izmirasmatavanci.com.tr\/wp-content\/gallery\/clipin_plastik\/8.jpg\"\n               title=\"\"\n               data-src=\"https:\/\/izmirasmatavanci.com.tr\/wp-content\/gallery\/clipin_plastik\/8.jpg\"\n               data-thumbnail=\"https:\/\/izmirasmatavanci.com.tr\/wp-content\/gallery\/clipin_plastik\/thumbs\/thumbs_8.jpg\"\n               data-image-id=\"9\"\n               data-title=\"8\"\n               data-description=\"\"\n               data-image-slug=\"8-2\"\n               class=\"ngg-simplelightbox\" rel=\"33245cef03aac5b02637e09687ac0232\">\n                <img\n                    title=\"8\"\n                    alt=\"8\"\n                    src=\"https:\/\/izmirasmatavanci.com.tr\/wp-content\/gallery\/clipin_plastik\/thumbs\/thumbs_8.jpg\"\n                    width=\"240\"\n                    height=\"160\"\n                    style=\"max-width:100%;\"\n                \/>\n            <\/a>\n        <\/div>\n\t\t\t\t\t\t\t<\/div> \n\t\t\t\n\t\t\t\t<div id=\"ngg-image-8\" class=\"ngg-gallery-thumbnail-box \" >\n\t\t\t\t        <div class=\"ngg-gallery-thumbnail\">\n            <a href=\"https:\/\/izmirasmatavanci.com.tr\/wp-content\/gallery\/clipin_plastik\/9.jpg\"\n               title=\"\"\n               data-src=\"https:\/\/izmirasmatavanci.com.tr\/wp-content\/gallery\/clipin_plastik\/9.jpg\"\n               data-thumbnail=\"https:\/\/izmirasmatavanci.com.tr\/wp-content\/gallery\/clipin_plastik\/thumbs\/thumbs_9.jpg\"\n               data-image-id=\"10\"\n               data-title=\"9\"\n               data-description=\"\"\n               data-image-slug=\"9-2\"\n               class=\"ngg-simplelightbox\" rel=\"33245cef03aac5b02637e09687ac0232\">\n                <img\n                    title=\"9\"\n                    alt=\"9\"\n                    src=\"https:\/\/izmirasmatavanci.com.tr\/wp-content\/gallery\/clipin_plastik\/thumbs\/thumbs_9.jpg\"\n                    width=\"240\"\n                    height=\"160\"\n                    style=\"max-width:100%;\"\n                \/>\n            <\/a>\n        <\/div>\n\t\t\t\t\t\t\t<\/div> \n\t\t\t\n\t\n\t<br style=\"clear: both\" \/>\n\n\t\n\t\t<!-- Pagination -->\n\t<div class='ngg-clear'><\/div>\t<\/div>\n\n","protected":false},"excerpt":{"rendered":"<p>CL\u0130P-\u0130N PLAST\u0130K ASMA TAVAN (30\u00d730 \u2013 50\u00d750) 1-Clipin asma tavan her t\u00fcrl\u00fc in\u015faat i\u00e7 mekan asma tavan uygulamalar\u0131nda kullan\u0131l\u0131r.2-Clipin asma tavan kolayca tamiri yap\u0131labilmesi ve ekonomik olmas\u0131 itibariyle in\u015faatlarda en \u00e7ok tercih edilen asma tavan sistemlerinden biridir.3-Clipin asma tavan tesisatlar\u0131 gizleyerek dekoratif alanlar yarat\u0131r.4-Plastik tavan tesisatlara kolayca m\u00fcdahale edilir.5-Plastik asma tavan hafif olmas\u0131ndan dolay\u0131 binan\u0131n [&hellip;]<\/p>\n","protected":false},"author":1,"featured_media":0,"parent":0,"menu_order":0,"comment_status":"closed","ping_status":"closed","template":"","meta":{"ngg_post_thumbnail":0,"footnotes":""},"class_list":["post-39","page","type-page","status-publish","hentry"],"_links":{"self":[{"href":"https:\/\/izmirasmatavanci.com.tr\/index.php\/wp-json\/wp\/v2\/pages\/39","targetHints":{"allow":["GET"]}}],"collection":[{"href":"https:\/\/izmirasmatavanci.com.tr\/index.php\/wp-json\/wp\/v2\/pages"}],"about":[{"href":"https:\/\/izmirasmatavanci.com.tr\/index.php\/wp-json\/wp\/v2\/types\/page"}],"author":[{"embeddable":true,"href":"https:\/\/izmirasmatavanci.com.tr\/index.php\/wp-json\/wp\/v2\/users\/1"}],"replies":[{"embeddable":true,"href":"https:\/\/izmirasmatavanci.com.tr\/index.php\/wp-json\/wp\/v2\/comments?post=39"}],"version-history":[{"count":6,"href":"https:\/\/izmirasmatavanci.com.tr\/index.php\/wp-json\/wp\/v2\/pages\/39\/revisions"}],"predecessor-version":[{"id":243,"href":"https:\/\/izmirasmatavanci.com.tr\/index.php\/wp-json\/wp\/v2\/pages\/39\/revisions\/243"}],"wp:attachment":[{"href":"https:\/\/izmirasmatavanci.com.tr\/index.php\/wp-json\/wp\/v2\/media?parent=39"}],"curies":[{"name":"wp","href":"https:\/\/api.w.org\/{rel}","templated":true}]}}