{"id":37,"date":"2023-11-27T17:45:44","date_gmt":"2023-11-27T14:45:44","guid":{"rendered":"https:\/\/izmirasmatavanci.com.tr\/?page_id=37"},"modified":"2023-12-05T15:23:46","modified_gmt":"2023-12-05T12:23:46","slug":"menfez","status":"publish","type":"page","link":"https:\/\/izmirasmatavanci.com.tr\/index.php\/menfez\/","title":{"rendered":"Menfez"},"content":{"rendered":"\n<p>2011 Y\u0131l\u0131nda \u0130n\u015faat yap\u0131 sekt\u00f6r\u00fcne; Pilta m\u00fchendislik olarak ilk (CL\u0130P-\u0130N PLAST\u0130K) asma tavan sistemini \u00fcreterek ad\u0131m att\u0131k.;Buradaki amac\u0131m\u0131z kalite,renk,dekor ve fiyat olarak uygun clipin li plastik asma tavan \u00fcr\u00fcnlerimizi (30\u00d730-50\u00d750) pilta markam\u0131zla asma tavanda ferah ve modernli\u011fi ya\u015fatmak i\u00e7in yolla \u00e7\u0131kt\u0131k. Sizlere plastik asma tavan sekt\u00f6r\u00fcnde bacas\u0131 olmayan mekanlarda olu\u015fan kirli hava ve duman\u0131 filtre ederek havan\u0131n temiz olarak geri d\u00f6n\u00fc\u015f\u00fcm\u00fcn\u00fc sa\u011flar,estetik,hijyenik olan P\u0130LMEN adl\u0131 \u00fcr\u00fcn\u00fcm\u00fczle mekanlarda olu\u015fan k\u00f6t\u00fc kokulara son ver.<\/p>\n\n\n\n<p>Menfez imalat\u0131m\u0131zla sekt\u00f6r\u00fcm\u00fczde b\u00fcy\u00fcme yolunda bir ad\u0131m daha att\u0131k. Kaliteli ve \u015f\u0131k g\u00f6r\u00fcn\u00fcm\u00fcyle aluminyum menfez \u00e7e\u015fitlerimiz ile her zamanki gibi rakiplerimizin yine bir ad\u0131m \u00f6n\u00fcndeyiz.<\/p>\n\n\n\n<p>Bayilik almak i\u00e7in ileti\u015fime ge\u00e7ebilirsiniz..<\/p>\n\n\n\n<figure class=\"wp-block-table\"><table><tbody><tr><td>Aluminyum Beyaz \u2013 Gri<\/td><td>35 x 35 cm<\/td><\/tr><tr><td>Aluminyum Beyaz \u2013 Gri<\/td><td>35 x 45 cm<\/td><\/tr><tr><td>Aluminyum Beyaz \u2013 Gri<\/td><td>40 x 40 cm<\/td><\/tr><tr><td>Aluminyum Beyaz \u2013 Gri<\/td><td>40 x 50 cm<\/td><\/tr><tr><td>Aluminyum Beyaz \u2013 Gri<\/td><td>45 x 45 cm<\/td><\/tr><tr><td>Aluminyum Beyaz \u2013 Gri<\/td><td>45 x 55 cm<\/td><\/tr><tr><td>Aluminyum Beyaz \u2013 Gri<\/td><td>45 x 65 cm<\/td><\/tr><tr><td>Aluminyum Beyaz \u2013 Gri<\/td><td>65 x 45 cm<\/td><\/tr><tr><td>Aluminyum Beyaz \u2013 Gri<\/td><td>50 x 50 cm<\/td><\/tr><tr><td>Aluminyum Beyaz \u2013 Gri<\/td><td>55 x 55 cm<\/td><\/tr><tr><td>Aluminyum Beyaz \u2013 Gri<\/td><td>55 x 65 cm<\/td><\/tr><tr><td>Aluminyum Beyaz \u2013 Gri<\/td><td>65 x 65 cm<\/td><\/tr><\/tbody><\/table><\/figure>\n\n\n\n<p>Daha ayr\u0131nt\u0131l\u0131 bilgi i\u00e7in <a href=\"https:\/\/izmirmenfez.com.tr\/\" target=\"_blank\" rel=\"noreferrer noopener\">https:\/\/izmirmenfez.com.tr\/<\/a> sitemizi ziyaret ediniz<\/p>\n\n\n\n<!-- default-view.php -->\n<div\n\tclass=\"ngg-galleryoverview default-view \"\n\tid=\"ngg-gallery-8ef0c1835b802ec808b6f97719459501-1\">\n\n\t\t<!-- Thumbnails -->\n\t\t\t\t<div id=\"ngg-image-0\" class=\"ngg-gallery-thumbnail-box \" >\n\t\t\t\t        <div class=\"ngg-gallery-thumbnail\">\n            <a href=\"https:\/\/izmirasmatavanci.com.tr\/wp-content\/gallery\/menfez\/191.jpg\"\n               title=\"\"\n               data-src=\"https:\/\/izmirasmatavanci.com.tr\/wp-content\/gallery\/menfez\/191.jpg\"\n               data-thumbnail=\"https:\/\/izmirasmatavanci.com.tr\/wp-content\/gallery\/menfez\/thumbs\/thumbs_191.jpg\"\n               data-image-id=\"25\"\n               data-title=\"191\"\n               data-description=\"\"\n               data-image-slug=\"191\"\n               class=\"ngg-simplelightbox\" rel=\"8ef0c1835b802ec808b6f97719459501\">\n                <img\n                    title=\"191\"\n                    alt=\"191\"\n                    src=\"https:\/\/izmirasmatavanci.com.tr\/wp-content\/gallery\/menfez\/thumbs\/thumbs_191.jpg\"\n                    width=\"240\"\n                    height=\"160\"\n                    style=\"max-width:100%;\"\n                \/>\n            <\/a>\n        <\/div>\n\t\t\t\t\t\t\t<\/div> \n\t\t\t\n\t\t\t\t<div id=\"ngg-image-1\" class=\"ngg-gallery-thumbnail-box \" >\n\t\t\t\t        <div class=\"ngg-gallery-thumbnail\">\n            <a href=\"https:\/\/izmirasmatavanci.com.tr\/wp-content\/gallery\/menfez\/192.png\"\n               title=\"\"\n               data-src=\"https:\/\/izmirasmatavanci.com.tr\/wp-content\/gallery\/menfez\/192.png\"\n               data-thumbnail=\"https:\/\/izmirasmatavanci.com.tr\/wp-content\/gallery\/menfez\/thumbs\/thumbs_192.png\"\n               data-image-id=\"26\"\n               data-title=\"192\"\n               data-description=\"\"\n               data-image-slug=\"192\"\n               class=\"ngg-simplelightbox\" rel=\"8ef0c1835b802ec808b6f97719459501\">\n                <img\n                    title=\"192\"\n                    alt=\"192\"\n                    src=\"https:\/\/izmirasmatavanci.com.tr\/wp-content\/gallery\/menfez\/thumbs\/thumbs_192.png\"\n                    width=\"202\"\n                    height=\"160\"\n                    style=\"max-width:100%;\"\n                \/>\n            <\/a>\n        <\/div>\n\t\t\t\t\t\t\t<\/div> \n\t\t\t\n\t\t\t\t<div id=\"ngg-image-2\" class=\"ngg-gallery-thumbnail-box \" >\n\t\t\t\t        <div class=\"ngg-gallery-thumbnail\">\n            <a href=\"https:\/\/izmirasmatavanci.com.tr\/wp-content\/gallery\/menfez\/193.jpg\"\n               title=\"\"\n               data-src=\"https:\/\/izmirasmatavanci.com.tr\/wp-content\/gallery\/menfez\/193.jpg\"\n               data-thumbnail=\"https:\/\/izmirasmatavanci.com.tr\/wp-content\/gallery\/menfez\/thumbs\/thumbs_193.jpg\"\n               data-image-id=\"27\"\n               data-title=\"193\"\n               data-description=\"\"\n               data-image-slug=\"193\"\n               class=\"ngg-simplelightbox\" rel=\"8ef0c1835b802ec808b6f97719459501\">\n                <img\n                    title=\"193\"\n                    alt=\"193\"\n                    src=\"https:\/\/izmirasmatavanci.com.tr\/wp-content\/gallery\/menfez\/thumbs\/thumbs_193.jpg\"\n                    width=\"240\"\n                    height=\"160\"\n                    style=\"max-width:100%;\"\n                \/>\n            <\/a>\n        <\/div>\n\t\t\t\t\t\t\t<\/div> \n\t\t\t\n\t\t\t\t<div id=\"ngg-image-3\" class=\"ngg-gallery-thumbnail-box \" >\n\t\t\t\t        <div class=\"ngg-gallery-thumbnail\">\n            <a href=\"https:\/\/izmirasmatavanci.com.tr\/wp-content\/gallery\/menfez\/194.jpg\"\n               title=\"\"\n               data-src=\"https:\/\/izmirasmatavanci.com.tr\/wp-content\/gallery\/menfez\/194.jpg\"\n               data-thumbnail=\"https:\/\/izmirasmatavanci.com.tr\/wp-content\/gallery\/menfez\/thumbs\/thumbs_194.jpg\"\n               data-image-id=\"28\"\n               data-title=\"194\"\n               data-description=\"\"\n               data-image-slug=\"194\"\n               class=\"ngg-simplelightbox\" rel=\"8ef0c1835b802ec808b6f97719459501\">\n                <img\n                    title=\"194\"\n                    alt=\"194\"\n                    src=\"https:\/\/izmirasmatavanci.com.tr\/wp-content\/gallery\/menfez\/thumbs\/thumbs_194.jpg\"\n                    width=\"240\"\n                    height=\"160\"\n                    style=\"max-width:100%;\"\n                \/>\n            <\/a>\n        <\/div>\n\t\t\t\t\t\t\t<\/div> \n\t\t\t\n\t\t\t\t<div id=\"ngg-image-4\" class=\"ngg-gallery-thumbnail-box \" >\n\t\t\t\t        <div class=\"ngg-gallery-thumbnail\">\n            <a href=\"https:\/\/izmirasmatavanci.com.tr\/wp-content\/gallery\/menfez\/195.jpg\"\n               title=\"\"\n               data-src=\"https:\/\/izmirasmatavanci.com.tr\/wp-content\/gallery\/menfez\/195.jpg\"\n               data-thumbnail=\"https:\/\/izmirasmatavanci.com.tr\/wp-content\/gallery\/menfez\/thumbs\/thumbs_195.jpg\"\n               data-image-id=\"29\"\n               data-title=\"195\"\n               data-description=\"\"\n               data-image-slug=\"195\"\n               class=\"ngg-simplelightbox\" rel=\"8ef0c1835b802ec808b6f97719459501\">\n                <img\n                    title=\"195\"\n                    alt=\"195\"\n                    src=\"https:\/\/izmirasmatavanci.com.tr\/wp-content\/gallery\/menfez\/thumbs\/thumbs_195.jpg\"\n                    width=\"240\"\n                    height=\"160\"\n                    style=\"max-width:100%;\"\n                \/>\n            <\/a>\n        <\/div>\n\t\t\t\t\t\t\t<\/div> \n\t\t\t\n\t\t\t\t<div id=\"ngg-image-5\" class=\"ngg-gallery-thumbnail-box \" >\n\t\t\t\t        <div class=\"ngg-gallery-thumbnail\">\n            <a href=\"https:\/\/izmirasmatavanci.com.tr\/wp-content\/gallery\/menfez\/196.jpg\"\n               title=\"\"\n               data-src=\"https:\/\/izmirasmatavanci.com.tr\/wp-content\/gallery\/menfez\/196.jpg\"\n               data-thumbnail=\"https:\/\/izmirasmatavanci.com.tr\/wp-content\/gallery\/menfez\/thumbs\/thumbs_196.jpg\"\n               data-image-id=\"30\"\n               data-title=\"196\"\n               data-description=\"\"\n               data-image-slug=\"196\"\n               class=\"ngg-simplelightbox\" rel=\"8ef0c1835b802ec808b6f97719459501\">\n                <img\n                    title=\"196\"\n                    alt=\"196\"\n                    src=\"https:\/\/izmirasmatavanci.com.tr\/wp-content\/gallery\/menfez\/thumbs\/thumbs_196.jpg\"\n                    width=\"240\"\n                    height=\"160\"\n                    style=\"max-width:100%;\"\n                \/>\n            <\/a>\n        <\/div>\n\t\t\t\t\t\t\t<\/div> \n\t\t\t\n\t\t\t\t<div id=\"ngg-image-6\" class=\"ngg-gallery-thumbnail-box \" >\n\t\t\t\t        <div class=\"ngg-gallery-thumbnail\">\n            <a href=\"https:\/\/izmirasmatavanci.com.tr\/wp-content\/gallery\/menfez\/198.jpg\"\n               title=\"\"\n               data-src=\"https:\/\/izmirasmatavanci.com.tr\/wp-content\/gallery\/menfez\/198.jpg\"\n               data-thumbnail=\"https:\/\/izmirasmatavanci.com.tr\/wp-content\/gallery\/menfez\/thumbs\/thumbs_198.jpg\"\n               data-image-id=\"31\"\n               data-title=\"198\"\n               data-description=\"\"\n               data-image-slug=\"198\"\n               class=\"ngg-simplelightbox\" rel=\"8ef0c1835b802ec808b6f97719459501\">\n                <img\n                    title=\"198\"\n                    alt=\"198\"\n                    src=\"https:\/\/izmirasmatavanci.com.tr\/wp-content\/gallery\/menfez\/thumbs\/thumbs_198.jpg\"\n                    width=\"240\"\n                    height=\"160\"\n                    style=\"max-width:100%;\"\n                \/>\n            <\/a>\n        <\/div>\n\t\t\t\t\t\t\t<\/div> \n\t\t\t\n\t\t\t\t<div id=\"ngg-image-7\" class=\"ngg-gallery-thumbnail-box \" >\n\t\t\t\t        <div class=\"ngg-gallery-thumbnail\">\n            <a href=\"https:\/\/izmirasmatavanci.com.tr\/wp-content\/gallery\/menfez\/197.jpg\"\n               title=\"\"\n               data-src=\"https:\/\/izmirasmatavanci.com.tr\/wp-content\/gallery\/menfez\/197.jpg\"\n               data-thumbnail=\"https:\/\/izmirasmatavanci.com.tr\/wp-content\/gallery\/menfez\/thumbs\/thumbs_197.jpg\"\n               data-image-id=\"32\"\n               data-title=\"197\"\n               data-description=\"\"\n               data-image-slug=\"197\"\n               class=\"ngg-simplelightbox\" rel=\"8ef0c1835b802ec808b6f97719459501\">\n                <img\n                    title=\"197\"\n                    alt=\"197\"\n                    src=\"https:\/\/izmirasmatavanci.com.tr\/wp-content\/gallery\/menfez\/thumbs\/thumbs_197.jpg\"\n                    width=\"240\"\n                    height=\"160\"\n                    style=\"max-width:100%;\"\n                \/>\n            <\/a>\n        <\/div>\n\t\t\t\t\t\t\t<\/div> \n\t\t\t\n\t\t\t\t<div id=\"ngg-image-8\" class=\"ngg-gallery-thumbnail-box \" >\n\t\t\t\t        <div class=\"ngg-gallery-thumbnail\">\n            <a href=\"https:\/\/izmirasmatavanci.com.tr\/wp-content\/gallery\/menfez\/200.jpg\"\n               title=\"\"\n               data-src=\"https:\/\/izmirasmatavanci.com.tr\/wp-content\/gallery\/menfez\/200.jpg\"\n               data-thumbnail=\"https:\/\/izmirasmatavanci.com.tr\/wp-content\/gallery\/menfez\/thumbs\/thumbs_200.jpg\"\n               data-image-id=\"33\"\n               data-title=\"200\"\n               data-description=\"\"\n               data-image-slug=\"200\"\n               class=\"ngg-simplelightbox\" rel=\"8ef0c1835b802ec808b6f97719459501\">\n                <img\n                    title=\"200\"\n                    alt=\"200\"\n                    src=\"https:\/\/izmirasmatavanci.com.tr\/wp-content\/gallery\/menfez\/thumbs\/thumbs_200.jpg\"\n                    width=\"240\"\n                    height=\"160\"\n                    style=\"max-width:100%;\"\n                \/>\n            <\/a>\n        <\/div>\n\t\t\t\t\t\t\t<\/div> \n\t\t\t\n\t\t\t\t<div id=\"ngg-image-9\" class=\"ngg-gallery-thumbnail-box \" >\n\t\t\t\t        <div class=\"ngg-gallery-thumbnail\">\n            <a href=\"https:\/\/izmirasmatavanci.com.tr\/wp-content\/gallery\/menfez\/199.jpg\"\n               title=\"\"\n               data-src=\"https:\/\/izmirasmatavanci.com.tr\/wp-content\/gallery\/menfez\/199.jpg\"\n               data-thumbnail=\"https:\/\/izmirasmatavanci.com.tr\/wp-content\/gallery\/menfez\/thumbs\/thumbs_199.jpg\"\n               data-image-id=\"34\"\n               data-title=\"199\"\n               data-description=\"\"\n               data-image-slug=\"199\"\n               class=\"ngg-simplelightbox\" rel=\"8ef0c1835b802ec808b6f97719459501\">\n                <img\n                    title=\"199\"\n                    alt=\"199\"\n                    src=\"https:\/\/izmirasmatavanci.com.tr\/wp-content\/gallery\/menfez\/thumbs\/thumbs_199.jpg\"\n                    width=\"240\"\n                    height=\"160\"\n                    style=\"max-width:100%;\"\n                \/>\n            <\/a>\n        <\/div>\n\t\t\t\t\t\t\t<\/div> \n\t\t\t\n\t\t\t\t<div id=\"ngg-image-10\" class=\"ngg-gallery-thumbnail-box \" >\n\t\t\t\t        <div class=\"ngg-gallery-thumbnail\">\n            <a href=\"https:\/\/izmirasmatavanci.com.tr\/wp-content\/gallery\/menfez\/201.jpg\"\n               title=\"\"\n               data-src=\"https:\/\/izmirasmatavanci.com.tr\/wp-content\/gallery\/menfez\/201.jpg\"\n               data-thumbnail=\"https:\/\/izmirasmatavanci.com.tr\/wp-content\/gallery\/menfez\/thumbs\/thumbs_201.jpg\"\n               data-image-id=\"35\"\n               data-title=\"201\"\n               data-description=\"\"\n               data-image-slug=\"201\"\n               class=\"ngg-simplelightbox\" rel=\"8ef0c1835b802ec808b6f97719459501\">\n                <img\n                    title=\"201\"\n                    alt=\"201\"\n                    src=\"https:\/\/izmirasmatavanci.com.tr\/wp-content\/gallery\/menfez\/thumbs\/thumbs_201.jpg\"\n                    width=\"240\"\n                    height=\"160\"\n                    style=\"max-width:100%;\"\n                \/>\n            <\/a>\n        <\/div>\n\t\t\t\t\t\t\t<\/div> \n\t\t\t\n\t\t\t\t<div id=\"ngg-image-11\" class=\"ngg-gallery-thumbnail-box \" >\n\t\t\t\t        <div class=\"ngg-gallery-thumbnail\">\n            <a href=\"https:\/\/izmirasmatavanci.com.tr\/wp-content\/gallery\/menfez\/202.jpg\"\n               title=\"\"\n               data-src=\"https:\/\/izmirasmatavanci.com.tr\/wp-content\/gallery\/menfez\/202.jpg\"\n               data-thumbnail=\"https:\/\/izmirasmatavanci.com.tr\/wp-content\/gallery\/menfez\/thumbs\/thumbs_202.jpg\"\n               data-image-id=\"36\"\n               data-title=\"202\"\n               data-description=\"\"\n               data-image-slug=\"202\"\n               class=\"ngg-simplelightbox\" rel=\"8ef0c1835b802ec808b6f97719459501\">\n                <img\n                    title=\"202\"\n                    alt=\"202\"\n                    src=\"https:\/\/izmirasmatavanci.com.tr\/wp-content\/gallery\/menfez\/thumbs\/thumbs_202.jpg\"\n                    width=\"240\"\n                    height=\"160\"\n                    style=\"max-width:100%;\"\n                \/>\n            <\/a>\n        <\/div>\n\t\t\t\t\t\t\t<\/div> \n\t\t\t\n\t\n\t<br style=\"clear: both\" \/>\n\n\t\n\t\t<!-- Pagination -->\n\t<div class='ngg-clear'><\/div>\t<\/div>\n\n","protected":false},"excerpt":{"rendered":"<p>2011 Y\u0131l\u0131nda \u0130n\u015faat yap\u0131 sekt\u00f6r\u00fcne; Pilta m\u00fchendislik olarak ilk (CL\u0130P-\u0130N PLAST\u0130K) asma tavan sistemini \u00fcreterek ad\u0131m att\u0131k.;Buradaki amac\u0131m\u0131z kalite,renk,dekor ve fiyat olarak uygun clipin li plastik asma tavan \u00fcr\u00fcnlerimizi (30\u00d730-50\u00d750) pilta markam\u0131zla asma tavanda ferah ve modernli\u011fi ya\u015fatmak i\u00e7in yolla \u00e7\u0131kt\u0131k. Sizlere plastik asma tavan sekt\u00f6r\u00fcnde bacas\u0131 olmayan mekanlarda olu\u015fan kirli hava ve duman\u0131 filtre [&hellip;]<\/p>\n","protected":false},"author":1,"featured_media":0,"parent":0,"menu_order":0,"comment_status":"closed","ping_status":"closed","template":"","meta":{"ngg_post_thumbnail":0,"footnotes":""},"class_list":["post-37","page","type-page","status-publish","hentry"],"_links":{"self":[{"href":"https:\/\/izmirasmatavanci.com.tr\/index.php\/wp-json\/wp\/v2\/pages\/37","targetHints":{"allow":["GET"]}}],"collection":[{"href":"https:\/\/izmirasmatavanci.com.tr\/index.php\/wp-json\/wp\/v2\/pages"}],"about":[{"href":"https:\/\/izmirasmatavanci.com.tr\/index.php\/wp-json\/wp\/v2\/types\/page"}],"author":[{"embeddable":true,"href":"https:\/\/izmirasmatavanci.com.tr\/index.php\/wp-json\/wp\/v2\/users\/1"}],"replies":[{"embeddable":true,"href":"https:\/\/izmirasmatavanci.com.tr\/index.php\/wp-json\/wp\/v2\/comments?post=37"}],"version-history":[{"count":4,"href":"https:\/\/izmirasmatavanci.com.tr\/index.php\/wp-json\/wp\/v2\/pages\/37\/revisions"}],"predecessor-version":[{"id":283,"href":"https:\/\/izmirasmatavanci.com.tr\/index.php\/wp-json\/wp\/v2\/pages\/37\/revisions\/283"}],"wp:attachment":[{"href":"https:\/\/izmirasmatavanci.com.tr\/index.php\/wp-json\/wp\/v2\/media?parent=37"}],"curies":[{"name":"wp","href":"https:\/\/api.w.org\/{rel}","templated":true}]}}