{"id":177,"date":"2023-11-29T16:44:30","date_gmt":"2023-11-29T13:44:30","guid":{"rendered":"https:\/\/izmirasmatavanci.com.tr\/?page_id=177"},"modified":"2023-12-04T11:22:59","modified_gmt":"2023-12-04T08:22:59","slug":"referanslarimizdan-bazilari","status":"publish","type":"page","link":"https:\/\/izmirasmatavanci.com.tr\/index.php\/referanslarimizdan-bazilari\/","title":{"rendered":"Referanslar\u0131m\u0131zdan Baz\u0131lar\u0131"},"content":{"rendered":"\n<p>DNAN MENDRES HAVALANI<br>TUSKON \u0130N\u015eAAT (\u0130ZM\u0130R)<br>KILI\u00c7O\u011eLU \u0130N\u015eAAT (\u0130ZM\u0130R)<br>VAROL \u0130N\u015eAAT (\u0130ZM\u0130R)<br>\u00c7\u0130\u00c7EK \u0130N\u015eAAT (\u0130ZM\u0130R)<br>BAKIRCIO\u011eLU<br>VUR YAPI (\u0130ZM\u0130R)<br>PINAR ET (\u0130ZM\u0130R)<\/p>\n","protected":false},"excerpt":{"rendered":"<p>DNAN MENDRES HAVALANITUSKON \u0130N\u015eAAT (\u0130ZM\u0130R)KILI\u00c7O\u011eLU \u0130N\u015eAAT (\u0130ZM\u0130R)VAROL \u0130N\u015eAAT (\u0130ZM\u0130R)\u00c7\u0130\u00c7EK \u0130N\u015eAAT (\u0130ZM\u0130R)BAKIRCIO\u011eLUVUR YAPI (\u0130ZM\u0130R)PINAR ET (\u0130ZM\u0130R)<\/p>\n","protected":false},"author":1,"featured_media":268,"parent":0,"menu_order":0,"comment_status":"closed","ping_status":"closed","template":"","meta":{"ngg_post_thumbnail":0,"footnotes":""},"class_list":["post-177","page","type-page","status-publish","has-post-thumbnail","hentry"],"_links":{"self":[{"href":"https:\/\/izmirasmatavanci.com.tr\/index.php\/wp-json\/wp\/v2\/pages\/177","targetHints":{"allow":["GET"]}}],"collection":[{"href":"https:\/\/izmirasmatavanci.com.tr\/index.php\/wp-json\/wp\/v2\/pages"}],"about":[{"href":"https:\/\/izmirasmatavanci.com.tr\/index.php\/wp-json\/wp\/v2\/types\/page"}],"author":[{"embeddable":true,"href":"https:\/\/izmirasmatavanci.com.tr\/index.php\/wp-json\/wp\/v2\/users\/1"}],"replies":[{"embeddable":true,"href":"https:\/\/izmirasmatavanci.com.tr\/index.php\/wp-json\/wp\/v2\/comments?post=177"}],"version-history":[{"count":1,"href":"https:\/\/izmirasmatavanci.com.tr\/index.php\/wp-json\/wp\/v2\/pages\/177\/revisions"}],"predecessor-version":[{"id":178,"href":"https:\/\/izmirasmatavanci.com.tr\/index.php\/wp-json\/wp\/v2\/pages\/177\/revisions\/178"}],"wp:featuredmedia":[{"embeddable":true,"href":"https:\/\/izmirasmatavanci.com.tr\/index.php\/wp-json\/wp\/v2\/media\/268"}],"wp:attachment":[{"href":"https:\/\/izmirasmatavanci.com.tr\/index.php\/wp-json\/wp\/v2\/media?parent=177"}],"curies":[{"name":"wp","href":"https:\/\/api.w.org\/{rel}","templated":true}]}}