{"id":175,"date":"2023-11-29T16:43:36","date_gmt":"2023-11-29T13:43:36","guid":{"rendered":"https:\/\/izmirasmatavanci.com.tr\/?page_id=175"},"modified":"2023-12-04T11:52:33","modified_gmt":"2023-12-04T08:52:33","slug":"clipin-metal-sistemlerimiz","status":"publish","type":"page","link":"https:\/\/izmirasmatavanci.com.tr\/index.php\/clipin-metal-sistemlerimiz\/","title":{"rendered":"Neden Biz?"},"content":{"rendered":"\n<p>2011 Y\u0131l\u0131nda \u0130n\u015faat yap\u0131 sekt\u00f6r\u00fcne;<br>Pilta m\u00fchendislik olarak ilk (CL\u0130P-\u0130N PLAST\u0130K)<br>asma tavan sistemini \u00fcreterek ad\u0131m att\u0131k.<br>Burdaki ama\u00e7\u0131m\u0131z kalite,renk,dekor ve fiyat olarak uygun<br>clipin li plastik asma tavan \u00fcr\u00fcnlerimizi (30\u00d730-50\u00d750)<br>pilta markam\u0131zla asma tavanda ferah ve modernli\u011fi<br>ya\u015fatmak i\u00e7in yolla \u00e7\u0131kt\u0131k.<\/p>\n","protected":false},"excerpt":{"rendered":"<p>2011 Y\u0131l\u0131nda \u0130n\u015faat yap\u0131 sekt\u00f6r\u00fcne;Pilta m\u00fchendislik olarak ilk (CL\u0130P-\u0130N PLAST\u0130K)asma tavan sistemini \u00fcreterek ad\u0131m att\u0131k.Burdaki ama\u00e7\u0131m\u0131z kalite,renk,dekor ve fiyat olarak uygunclipin li plastik asma tavan \u00fcr\u00fcnlerimizi (30\u00d730-50\u00d750)pilta markam\u0131zla asma tavanda ferah ve modernli\u011fiya\u015fatmak i\u00e7in yolla \u00e7\u0131kt\u0131k.<\/p>\n","protected":false},"author":1,"featured_media":280,"parent":0,"menu_order":0,"comment_status":"closed","ping_status":"closed","template":"","meta":{"ngg_post_thumbnail":0,"footnotes":""},"class_list":["post-175","page","type-page","status-publish","has-post-thumbnail","hentry"],"_links":{"self":[{"href":"https:\/\/izmirasmatavanci.com.tr\/index.php\/wp-json\/wp\/v2\/pages\/175","targetHints":{"allow":["GET"]}}],"collection":[{"href":"https:\/\/izmirasmatavanci.com.tr\/index.php\/wp-json\/wp\/v2\/pages"}],"about":[{"href":"https:\/\/izmirasmatavanci.com.tr\/index.php\/wp-json\/wp\/v2\/types\/page"}],"author":[{"embeddable":true,"href":"https:\/\/izmirasmatavanci.com.tr\/index.php\/wp-json\/wp\/v2\/users\/1"}],"replies":[{"embeddable":true,"href":"https:\/\/izmirasmatavanci.com.tr\/index.php\/wp-json\/wp\/v2\/comments?post=175"}],"version-history":[{"count":3,"href":"https:\/\/izmirasmatavanci.com.tr\/index.php\/wp-json\/wp\/v2\/pages\/175\/revisions"}],"predecessor-version":[{"id":275,"href":"https:\/\/izmirasmatavanci.com.tr\/index.php\/wp-json\/wp\/v2\/pages\/175\/revisions\/275"}],"wp:featuredmedia":[{"embeddable":true,"href":"https:\/\/izmirasmatavanci.com.tr\/index.php\/wp-json\/wp\/v2\/media\/280"}],"wp:attachment":[{"href":"https:\/\/izmirasmatavanci.com.tr\/index.php\/wp-json\/wp\/v2\/media?parent=175"}],"curies":[{"name":"wp","href":"https:\/\/api.w.org\/{rel}","templated":true}]}}