{"id":170,"date":"2023-11-29T16:40:16","date_gmt":"2023-11-29T13:40:16","guid":{"rendered":"https:\/\/izmirasmatavanci.com.tr\/?page_id=170"},"modified":"2023-12-04T11:22:19","modified_gmt":"2023-12-04T08:22:19","slug":"clipin-plastik-1","status":"publish","type":"page","link":"https:\/\/izmirasmatavanci.com.tr\/index.php\/clipin-plastik-1\/","title":{"rendered":"Clipin Plastik Sistemlerimiz"},"content":{"rendered":"\n<p>CL\u0130P-\u0130N PLAST\u0130K ASMA TAVAN (30\u00d730 \u2013 50\u00d750)<br>Clipin asma tavan kolayca tamiri yap\u0131labilmesi ve ekonomik olmas\u0131<br>itibariyle in\u015faatlarda en \u00e7ok tercih edilen asma tavan sistemlerinden biridir.<\/p>\n","protected":false},"excerpt":{"rendered":"<p>CL\u0130P-\u0130N PLAST\u0130K ASMA TAVAN (30\u00d730 \u2013 50\u00d750)Clipin asma tavan kolayca tamiri yap\u0131labilmesi ve ekonomik olmas\u0131itibariyle in\u015faatlarda en \u00e7ok tercih edilen asma tavan sistemlerinden biridir.<\/p>\n","protected":false},"author":1,"featured_media":267,"parent":0,"menu_order":0,"comment_status":"closed","ping_status":"closed","template":"","meta":{"ngg_post_thumbnail":0,"footnotes":""},"class_list":["post-170","page","type-page","status-publish","has-post-thumbnail","hentry"],"_links":{"self":[{"href":"https:\/\/izmirasmatavanci.com.tr\/index.php\/wp-json\/wp\/v2\/pages\/170","targetHints":{"allow":["GET"]}}],"collection":[{"href":"https:\/\/izmirasmatavanci.com.tr\/index.php\/wp-json\/wp\/v2\/pages"}],"about":[{"href":"https:\/\/izmirasmatavanci.com.tr\/index.php\/wp-json\/wp\/v2\/types\/page"}],"author":[{"embeddable":true,"href":"https:\/\/izmirasmatavanci.com.tr\/index.php\/wp-json\/wp\/v2\/users\/1"}],"replies":[{"embeddable":true,"href":"https:\/\/izmirasmatavanci.com.tr\/index.php\/wp-json\/wp\/v2\/comments?post=170"}],"version-history":[{"count":3,"href":"https:\/\/izmirasmatavanci.com.tr\/index.php\/wp-json\/wp\/v2\/pages\/170\/revisions"}],"predecessor-version":[{"id":174,"href":"https:\/\/izmirasmatavanci.com.tr\/index.php\/wp-json\/wp\/v2\/pages\/170\/revisions\/174"}],"wp:featuredmedia":[{"embeddable":true,"href":"https:\/\/izmirasmatavanci.com.tr\/index.php\/wp-json\/wp\/v2\/media\/267"}],"wp:attachment":[{"href":"https:\/\/izmirasmatavanci.com.tr\/index.php\/wp-json\/wp\/v2\/media?parent=170"}],"curies":[{"name":"wp","href":"https:\/\/api.w.org\/{rel}","templated":true}]}}